{"id":917,"date":"2024-09-16T16:54:50","date_gmt":"2024-09-16T13:54:50","guid":{"rendered":"https:\/\/goodmills.ro\/?page_id=917"},"modified":"2025-03-13T13:22:07","modified_gmt":"2025-03-13T10:22:07","slug":"expertiza","status":"publish","type":"page","link":"https:\/\/goodmills.ro\/en\/expertiza\/","title":{"rendered":"EXPERTISE"},"content":{"rendered":"<div data-elementor-type=\"wp-page\" data-elementor-id=\"917\" class=\"elementor elementor-917\">\n\t\t\t\t<div class=\"elementor-element elementor-element-15e8fa8 e-con-full e-flex e-con e-parent\" data-id=\"15e8fa8\" data-element_type=\"container\" data-settings=\"{&quot;jet_parallax_layout_list&quot;:[],&quot;background_background&quot;:&quot;classic&quot;}\">\n\t\t<div class=\"elementor-element elementor-element-828f4e9 e-flex e-con-boxed e-con e-child\" data-id=\"828f4e9\" data-element_type=\"container\" data-settings=\"{&quot;jet_parallax_layout_list&quot;:[]}\">\n\t\t\t\t\t<div class=\"e-con-inner\">\n\t\t\t\t<div class=\"elementor-element elementor-element-fb1e7ed elementor-widget elementor-widget-heading\" data-id=\"fb1e7ed\" data-element_type=\"widget\" data-widget_type=\"heading.default\">\n\t\t\t\t<div class=\"elementor-widget-container\">\n\t\t\t\t\t<h2 class=\"elementor-heading-title elementor-size-default\">EXPERTISE<\/h2>\t\t\t\t<\/div>\n\t\t\t\t<\/div>\n\t\t\t\t\t<\/div>\n\t\t\t\t<\/div>\n\t\t\t\t<\/div>\n\t\t<div class=\"elementor-element elementor-element-34a1b4f e-flex e-con-boxed e-con e-parent\" data-id=\"34a1b4f\" data-element_type=\"container\" data-settings=\"{&quot;jet_parallax_layout_list&quot;:[]}\">\n\t\t\t\t\t<div class=\"e-con-inner\">\n\t\t<div class=\"elementor-element elementor-element-9afd81a e-flex e-con-boxed e-con e-child\" data-id=\"9afd81a\" data-element_type=\"container\" data-settings=\"{&quot;background_background&quot;:&quot;classic&quot;,&quot;jet_parallax_layout_list&quot;:[]}\">\n\t\t\t\t\t<div class=\"e-con-inner\">\n\t\t\t\t<div class=\"elementor-element elementor-element-05113b5 elementor-widget elementor-widget-text-editor\" data-id=\"05113b5\" data-element_type=\"widget\" data-widget_type=\"text-editor.default\">\n\t\t\t\t<div class=\"elementor-widget-container\">\n\t\t\t\t\t\t\t\t\t<p>In addition to our long experience in industrial milling, GoodMills is also a leader in promoting personal consumption.<br \/>We want to drive innovation in milling and plant-based nutrition.<\/p>\t\t\t\t\t\t\t\t<\/div>\n\t\t\t\t<\/div>\n\t\t\t\t\t<\/div>\n\t\t\t\t<\/div>\n\t\t\t\t\t<\/div>\n\t\t\t\t<\/div>\n\t\t<div class=\"elementor-element elementor-element-670fb64 e-flex e-con-boxed e-con e-parent\" data-id=\"670fb64\" data-element_type=\"container\" data-settings=\"{&quot;jet_parallax_layout_list&quot;:[]}\">\n\t\t\t\t\t<div class=\"e-con-inner\">\n\t\t\t\t<div class=\"elementor-element elementor-element-6ad8a35 elementor-widget elementor-widget-spacer\" data-id=\"6ad8a35\" data-element_type=\"widget\" data-widget_type=\"spacer.default\">\n\t\t\t\t<div class=\"elementor-widget-container\">\n\t\t\t\t\t\t\t<div class=\"elementor-spacer\">\n\t\t\t<div class=\"elementor-spacer-inner\"><\/div>\n\t\t<\/div>\n\t\t\t\t\t\t<\/div>\n\t\t\t\t<\/div>\n\t\t\t\t\t<\/div>\n\t\t\t\t<\/div>\n\t\t<div class=\"elementor-element elementor-element-afa3645 e-flex e-con-boxed e-con e-parent\" data-id=\"afa3645\" data-element_type=\"container\" data-settings=\"{&quot;background_background&quot;:&quot;classic&quot;,&quot;jet_parallax_layout_list&quot;:[]}\">\n\t\t\t\t\t<div class=\"e-con-inner\">\n\t\t<div class=\"elementor-element elementor-element-e83395f e-con-full e-flex e-con e-child\" data-id=\"e83395f\" data-element_type=\"container\" data-settings=\"{&quot;jet_parallax_layout_list&quot;:[]}\">\n\t\t\t\t<div class=\"elementor-element elementor-element-785057d elementor-widget elementor-widget-heading\" data-id=\"785057d\" data-element_type=\"widget\" data-widget_type=\"heading.default\">\n\t\t\t\t<div class=\"elementor-widget-container\">\n\t\t\t\t\t<h3 class=\"elementor-heading-title elementor-size-default\">INDUSTRIAL MILLING<\/h3>\t\t\t\t<\/div>\n\t\t\t\t<\/div>\n\t\t\t\t<div class=\"elementor-element elementor-element-bc7ee6a elementor-widget elementor-widget-heading\" data-id=\"bc7ee6a\" data-element_type=\"widget\" data-widget_type=\"heading.default\">\n\t\t\t\t<div class=\"elementor-widget-container\">\n\t\t\t\t\t<h3 class=\"elementor-heading-title elementor-size-default\">A valuable partner for the food and bakery industry<\/h3>\t\t\t\t<\/div>\n\t\t\t\t<\/div>\n\t\t\t\t<div class=\"elementor-element elementor-element-a64b7ff elementor-widget elementor-widget-text-editor\" data-id=\"a64b7ff\" data-element_type=\"widget\" data-widget_type=\"text-editor.default\">\n\t\t\t\t<div class=\"elementor-widget-container\">\n\t\t\t\t\t\t\t\t\t<p>GoodMills is the leading supplier of consumer goods in all 7 countries where we are present. We help large commercial food chains, small producers and local bakeries by offering high quality traditional flour, all-purpose flour, specialty flour, corn and semolina at affordable and competitive prices. As a result of increasing demand and the changing needs of our customers and consumers, we make continuous investments and improvements in technology and processing.<\/p>\t\t\t\t\t\t\t\t<\/div>\n\t\t\t\t<\/div>\n\t\t\t\t<div class=\"elementor-element elementor-element-c0c415d elementor-widget elementor-widget-raven-button\" data-id=\"c0c415d\" data-element_type=\"widget\" data-settings=\"{&quot;turn_to_popup_action_button&quot;:&quot;no&quot;}\" data-widget_type=\"raven-button.default\">\n\t\t\t\t<div class=\"elementor-widget-container\">\n\t\t\t\t\t\t\t<div class=\"raven-widget-wrapper\">\r\n\t\t\t<a class=\"raven-button raven-button-widget-normal-effect-none elementor-button raven-button-text-align-center raven-button-link elementor-animation-none\" href=\"https:\/\/goodmills.ro\/en\/produse-profesionale\/\">\t\t\t\t<div class=\"raven-button-overlay\" ><\/div>\r\n\t\t\t\t<span class=\"raven-button-content\">\r\n\t\t\t\t\t\r\n\t\t\t\t\t<div class=\"button-text-container\">\r\n\t\t\t\t\t\t\t\t\t\t\t\t<div class=\"raven-button-texts-wrapper\">\r\n\t\t\t\t\t\t\t<div class=\"button-text\">\r\n\t\t\t\t\t\t\t\t<span class=\"raven-button-text\">\r\n\t\t\t\t\t\t\t\t\t Learn more\t\t\t\t\t\t\t\t<\/span>\r\n\t\t\t\t\t\t\t<\/div>\r\n\t\t\t\t\t\t\t\t\t\t\t\t\t<\/div>\r\n\t\t\t\t\t\t\t\t\t\t\t<\/div>\r\n\t\t\t\t\t\r\n\t\t\t\t\t\t\t\t\t<\/span>\r\n\t\t\t<\/a>\t\t<\/div>\r\n\t\t\t\t\t\t<\/div>\n\t\t\t\t<\/div>\n\t\t\t\t<\/div>\n\t\t<div class=\"elementor-element elementor-element-465fd7c e-con-full e-flex e-con e-child\" data-id=\"465fd7c\" data-element_type=\"container\" data-settings=\"{&quot;jet_parallax_layout_list&quot;:[]}\">\n\t\t\t\t<div class=\"elementor-element elementor-element-e3738b3 elementor-widget elementor-widget-image\" data-id=\"e3738b3\" data-element_type=\"widget\" data-widget_type=\"image.default\">\n\t\t\t\t<div class=\"elementor-widget-container\">\n\t\t\t\t\t\t\t\t\t\t\t\t\t\t\t<img fetchpriority=\"high\" decoding=\"async\" width=\"820\" height=\"648\" src=\"https:\/\/goodmills.ro\/wp-content\/uploads\/2024\/09\/img_industrial_milling.jpg\" class=\"attachment-full size-full wp-image-927\" alt=\"\" srcset=\"https:\/\/goodmills.ro\/wp-content\/uploads\/2024\/09\/img_industrial_milling.jpg 820w, https:\/\/goodmills.ro\/wp-content\/uploads\/2024\/09\/img_industrial_milling-300x237.jpg 300w, https:\/\/goodmills.ro\/wp-content\/uploads\/2024\/09\/img_industrial_milling-768x607.jpg 768w\" sizes=\"(max-width: 820px) 100vw, 820px\" \/>\t\t\t\t\t\t\t\t\t\t\t\t\t\t\t<\/div>\n\t\t\t\t<\/div>\n\t\t\t\t<\/div>\n\t\t\t\t\t<\/div>\n\t\t\t\t<\/div>\n\t\t<div class=\"elementor-element elementor-element-31a896a e-flex e-con-boxed e-con e-parent\" data-id=\"31a896a\" data-element_type=\"container\" data-settings=\"{&quot;background_background&quot;:&quot;classic&quot;,&quot;jet_parallax_layout_list&quot;:[]}\">\n\t\t\t\t\t<div class=\"e-con-inner\">\n\t\t<div class=\"elementor-element elementor-element-94c7a5e e-con-full e-flex e-con e-child\" data-id=\"94c7a5e\" data-element_type=\"container\" data-settings=\"{&quot;jet_parallax_layout_list&quot;:[]}\">\n\t\t\t\t<div class=\"elementor-element elementor-element-442d39c elementor-widget elementor-widget-heading\" data-id=\"442d39c\" data-element_type=\"widget\" data-widget_type=\"heading.default\">\n\t\t\t\t<div class=\"elementor-widget-container\">\n\t\t\t\t\t<h3 class=\"elementor-heading-title elementor-size-default\">HOME PRODUCTS<\/h3>\t\t\t\t<\/div>\n\t\t\t\t<\/div>\n\t\t\t\t<div class=\"elementor-element elementor-element-6bfd6b4 elementor-widget elementor-widget-text-editor\" data-id=\"6bfd6b4\" data-element_type=\"widget\" data-widget_type=\"text-editor.default\">\n\t\t\t\t<div class=\"elementor-widget-container\">\n\t\t\t\t\t\t\t\t\t<p>We bring quality products into the homes and hearts of consumers who love to prepare delicacies.<\/p><p>GoodMills is a major player in the B2C (business to consumer) segment in all the countries where we are present. Our flour brands are among the most loved and used products by consumers, helping them achieve the best results in the kitchen, thanks to their superior quality, affordable prices and presence in most stores in the country.<\/p>\t\t\t\t\t\t\t\t<\/div>\n\t\t\t\t<\/div>\n\t\t\t\t<div class=\"elementor-element elementor-element-392d9fb elementor-widget elementor-widget-raven-button\" data-id=\"392d9fb\" data-element_type=\"widget\" data-settings=\"{&quot;turn_to_popup_action_button&quot;:&quot;no&quot;}\" data-widget_type=\"raven-button.default\">\n\t\t\t\t<div class=\"elementor-widget-container\">\n\t\t\t\t\t\t\t<div class=\"raven-widget-wrapper\">\r\n\t\t\t<a class=\"raven-button raven-button-widget-normal-effect-none elementor-button raven-button-text-align-center raven-button-link elementor-animation-none\" href=\"https:\/\/goodmills.ro\/en\/produse-pentru-acasa\/\">\t\t\t\t<div class=\"raven-button-overlay\" ><\/div>\r\n\t\t\t\t<span class=\"raven-button-content\">\r\n\t\t\t\t\t\r\n\t\t\t\t\t<div class=\"button-text-container\">\r\n\t\t\t\t\t\t\t\t\t\t\t\t<div class=\"raven-button-texts-wrapper\">\r\n\t\t\t\t\t\t\t<div class=\"button-text\">\r\n\t\t\t\t\t\t\t\t<span class=\"raven-button-text\">\r\n\t\t\t\t\t\t\t\t\t Learn more\t\t\t\t\t\t\t\t<\/span>\r\n\t\t\t\t\t\t\t<\/div>\r\n\t\t\t\t\t\t\t\t\t\t\t\t\t<\/div>\r\n\t\t\t\t\t\t\t\t\t\t\t<\/div>\r\n\t\t\t\t\t\r\n\t\t\t\t\t\t\t\t\t<\/span>\r\n\t\t\t<\/a>\t\t<\/div>\r\n\t\t\t\t\t\t<\/div>\n\t\t\t\t<\/div>\n\t\t\t\t<\/div>\n\t\t<div class=\"elementor-element elementor-element-336838c e-con-full e-flex e-con e-child\" data-id=\"336838c\" data-element_type=\"container\" data-settings=\"{&quot;jet_parallax_layout_list&quot;:[]}\">\n\t\t\t\t<div class=\"elementor-element elementor-element-c91a8f8 elementor-widget elementor-widget-image\" data-id=\"c91a8f8\" data-element_type=\"widget\" data-widget_type=\"image.default\">\n\t\t\t\t<div class=\"elementor-widget-container\">\n\t\t\t\t\t\t\t\t\t\t\t\t\t\t\t<img decoding=\"async\" width=\"820\" height=\"648\" src=\"https:\/\/goodmills.ro\/wp-content\/uploads\/2025\/03\/HEADER_SITE_GOODMILLS_ALL_V2.jpg\" class=\"attachment-full size-full wp-image-2325\" alt=\"\" srcset=\"https:\/\/goodmills.ro\/wp-content\/uploads\/2025\/03\/HEADER_SITE_GOODMILLS_ALL_V2.jpg 820w, https:\/\/goodmills.ro\/wp-content\/uploads\/2025\/03\/HEADER_SITE_GOODMILLS_ALL_V2-300x237.jpg 300w, https:\/\/goodmills.ro\/wp-content\/uploads\/2025\/03\/HEADER_SITE_GOODMILLS_ALL_V2-768x607.jpg 768w, https:\/\/goodmills.ro\/wp-content\/uploads\/2025\/03\/HEADER_SITE_GOODMILLS_ALL_V2-15x12.jpg 15w\" sizes=\"(max-width: 820px) 100vw, 820px\" \/>\t\t\t\t\t\t\t\t\t\t\t\t\t\t\t<\/div>\n\t\t\t\t<\/div>\n\t\t\t\t<\/div>\n\t\t\t\t\t<\/div>\n\t\t\t\t<\/div>\n\t\t<div class=\"elementor-element elementor-element-634388b e-flex e-con-boxed e-con e-parent\" data-id=\"634388b\" data-element_type=\"container\" data-settings=\"{&quot;background_background&quot;:&quot;classic&quot;,&quot;jet_parallax_layout_list&quot;:[]}\">\n\t\t\t\t\t<div class=\"e-con-inner\">\n\t\t<div class=\"elementor-element elementor-element-a8330c2 e-con-full e-flex e-con e-child\" data-id=\"a8330c2\" data-element_type=\"container\" data-settings=\"{&quot;jet_parallax_layout_list&quot;:[]}\">\n\t\t\t\t<div class=\"elementor-element elementor-element-8f4483c elementor-widget elementor-widget-spacer\" data-id=\"8f4483c\" data-element_type=\"widget\" data-widget_type=\"spacer.default\">\n\t\t\t\t<div class=\"elementor-widget-container\">\n\t\t\t\t\t\t\t<div class=\"elementor-spacer\">\n\t\t\t<div class=\"elementor-spacer-inner\"><\/div>\n\t\t<\/div>\n\t\t\t\t\t\t<\/div>\n\t\t\t\t<\/div>\n\t\t\t\t<\/div>\n\t\t\t\t<div class=\"elementor-element elementor-element-a64448d elementor-widget elementor-widget-heading\" data-id=\"a64448d\" data-element_type=\"widget\" data-widget_type=\"heading.default\">\n\t\t\t\t<div class=\"elementor-widget-container\">\n\t\t\t\t\t<h2 class=\"elementor-heading-title elementor-size-default\">CERTIFICATES<\/h2>\t\t\t\t<\/div>\n\t\t\t\t<\/div>\n\t\t\t\t<div class=\"elementor-element elementor-element-186c833 elementor-widget elementor-widget-text-editor\" data-id=\"186c833\" data-element_type=\"widget\" data-widget_type=\"text-editor.default\">\n\t\t\t\t<div class=\"elementor-widget-container\">\n\t\t\t\t\t\t\t\t\t<p>GoodMills delivers consistently high quality without compromise. We maintain a global network of carefully selected suppliers and strict raw material controls; everything is tested with the latest technology.<\/p><p>Our strict quality management processes and systems are implemented in all the group's factories, and our certifications attest to this:<\/p>\t\t\t\t\t\t\t\t<\/div>\n\t\t\t\t<\/div>\n\t\t<div class=\"elementor-element elementor-element-7eb98a0 e-con-full e-flex e-con e-child\" data-id=\"7eb98a0\" data-element_type=\"container\" data-settings=\"{&quot;jet_parallax_layout_list&quot;:[]}\">\n\t\t<div class=\"elementor-element elementor-element-f54d807 e-grid e-con-full e-con e-child\" data-id=\"f54d807\" data-element_type=\"container\" data-settings=\"{&quot;jet_parallax_layout_list&quot;:[]}\">\n\t\t\t\t<div class=\"elementor-element elementor-element-bb0887d elementor-widget elementor-widget-image\" data-id=\"bb0887d\" data-element_type=\"widget\" data-widget_type=\"image.default\">\n\t\t\t\t<div class=\"elementor-widget-container\">\n\t\t\t\t\t\t\t\t\t\t\t\t\t\t\t\t<a href=\"https:\/\/goodmills.ro\/wp-content\/uploads\/2024\/09\/certificate-01.png\" data-elementor-open-lightbox=\"yes\" data-e-action-hash=\"#elementor-action%3Aaction%3Dlightbox%26settings%3DeyJpZCI6OTQwLCJ1cmwiOiJodHRwczpcL1wvZ29vZG1pbGxzLnJvXC93cC1jb250ZW50XC91cGxvYWRzXC8yMDI0XC8wOVwvY2VydGlmaWNhdGUtMDEucG5nIn0%3D\">\n\t\t\t\t\t\t\t<img decoding=\"async\" width=\"2023\" height=\"2866\" src=\"https:\/\/goodmills.ro\/wp-content\/uploads\/2024\/09\/certificate-01.png\" class=\"attachment-full size-full wp-image-940\" alt=\"\" srcset=\"https:\/\/goodmills.ro\/wp-content\/uploads\/2024\/09\/certificate-01.png 2023w, https:\/\/goodmills.ro\/wp-content\/uploads\/2024\/09\/certificate-01-212x300.png 212w, https:\/\/goodmills.ro\/wp-content\/uploads\/2024\/09\/certificate-01-723x1024.png 723w, https:\/\/goodmills.ro\/wp-content\/uploads\/2024\/09\/certificate-01-768x1088.png 768w, https:\/\/goodmills.ro\/wp-content\/uploads\/2024\/09\/certificate-01-1084x1536.png 1084w, https:\/\/goodmills.ro\/wp-content\/uploads\/2024\/09\/certificate-01-1446x2048.png 1446w\" sizes=\"(max-width: 2023px) 100vw, 2023px\" \/>\t\t\t\t\t\t\t\t<\/a>\n\t\t\t\t\t\t\t\t\t\t\t\t\t\t\t<\/div>\n\t\t\t\t<\/div>\n\t\t\t\t<div class=\"elementor-element elementor-element-eb4189f elementor-widget elementor-widget-image\" data-id=\"eb4189f\" data-element_type=\"widget\" data-widget_type=\"image.default\">\n\t\t\t\t<div class=\"elementor-widget-container\">\n\t\t\t\t\t\t\t\t\t\t\t\t\t\t\t\t<a href=\"https:\/\/goodmills.ro\/wp-content\/uploads\/2024\/09\/certificate-02.png\" data-elementor-open-lightbox=\"yes\" data-e-action-hash=\"#elementor-action%3Aaction%3Dlightbox%26settings%3DeyJpZCI6OTQxLCJ1cmwiOiJodHRwczpcL1wvZ29vZG1pbGxzLnJvXC93cC1jb250ZW50XC91cGxvYWRzXC8yMDI0XC8wOVwvY2VydGlmaWNhdGUtMDIucG5nIn0%3D\">\n\t\t\t\t\t\t\t<img loading=\"lazy\" decoding=\"async\" width=\"2023\" height=\"2866\" src=\"https:\/\/goodmills.ro\/wp-content\/uploads\/2024\/09\/certificate-02.png\" class=\"attachment-full size-full wp-image-941\" alt=\"\" srcset=\"https:\/\/goodmills.ro\/wp-content\/uploads\/2024\/09\/certificate-02.png 2023w, https:\/\/goodmills.ro\/wp-content\/uploads\/2024\/09\/certificate-02-212x300.png 212w, https:\/\/goodmills.ro\/wp-content\/uploads\/2024\/09\/certificate-02-723x1024.png 723w, https:\/\/goodmills.ro\/wp-content\/uploads\/2024\/09\/certificate-02-768x1088.png 768w, https:\/\/goodmills.ro\/wp-content\/uploads\/2024\/09\/certificate-02-1084x1536.png 1084w, https:\/\/goodmills.ro\/wp-content\/uploads\/2024\/09\/certificate-02-1446x2048.png 1446w\" sizes=\"(max-width: 2023px) 100vw, 2023px\" \/>\t\t\t\t\t\t\t\t<\/a>\n\t\t\t\t\t\t\t\t\t\t\t\t\t\t\t<\/div>\n\t\t\t\t<\/div>\n\t\t\t\t<div class=\"elementor-element elementor-element-2b3999e elementor-widget elementor-widget-image\" data-id=\"2b3999e\" data-element_type=\"widget\" data-widget_type=\"image.default\">\n\t\t\t\t<div class=\"elementor-widget-container\">\n\t\t\t\t\t\t\t\t\t\t\t\t\t\t\t\t<a href=\"https:\/\/goodmills.ro\/wp-content\/uploads\/2024\/09\/certificate-03.png\" data-elementor-open-lightbox=\"yes\" data-e-action-hash=\"#elementor-action%3Aaction%3Dlightbox%26settings%3DeyJpZCI6OTQyLCJ1cmwiOiJodHRwczpcL1wvZ29vZG1pbGxzLnJvXC93cC1jb250ZW50XC91cGxvYWRzXC8yMDI0XC8wOVwvY2VydGlmaWNhdGUtMDMucG5nIn0%3D\">\n\t\t\t\t\t\t\t<img loading=\"lazy\" decoding=\"async\" width=\"1653\" height=\"2337\" src=\"https:\/\/goodmills.ro\/wp-content\/uploads\/2024\/09\/certificate-03.png\" class=\"attachment-full size-full wp-image-942\" alt=\"\" srcset=\"https:\/\/goodmills.ro\/wp-content\/uploads\/2024\/09\/certificate-03.png 1653w, https:\/\/goodmills.ro\/wp-content\/uploads\/2024\/09\/certificate-03-212x300.png 212w, https:\/\/goodmills.ro\/wp-content\/uploads\/2024\/09\/certificate-03-724x1024.png 724w, https:\/\/goodmills.ro\/wp-content\/uploads\/2024\/09\/certificate-03-768x1086.png 768w, https:\/\/goodmills.ro\/wp-content\/uploads\/2024\/09\/certificate-03-1086x1536.png 1086w, https:\/\/goodmills.ro\/wp-content\/uploads\/2024\/09\/certificate-03-1449x2048.png 1449w\" sizes=\"(max-width: 1653px) 100vw, 1653px\" \/>\t\t\t\t\t\t\t\t<\/a>\n\t\t\t\t\t\t\t\t\t\t\t\t\t\t\t<\/div>\n\t\t\t\t<\/div>\n\t\t\t\t<div class=\"elementor-element elementor-element-b94f8bc elementor-widget elementor-widget-image\" data-id=\"b94f8bc\" data-element_type=\"widget\" data-widget_type=\"image.default\">\n\t\t\t\t<div class=\"elementor-widget-container\">\n\t\t\t\t\t\t\t\t\t\t\t\t\t\t\t\t<a href=\"https:\/\/goodmills.ro\/wp-content\/uploads\/2024\/09\/goodmills-romania-certificat-kosher.pdf\" target=\"_blank\">\n\t\t\t\t\t\t\t<img loading=\"lazy\" decoding=\"async\" width=\"1240\" height=\"1754\" src=\"https:\/\/goodmills.ro\/wp-content\/uploads\/2025\/01\/goodmills-romania-certificat-kosher-1.png\" class=\"attachment-full size-full wp-image-2029\" alt=\"\" srcset=\"https:\/\/goodmills.ro\/wp-content\/uploads\/2025\/01\/goodmills-romania-certificat-kosher-1.png 1240w, https:\/\/goodmills.ro\/wp-content\/uploads\/2025\/01\/goodmills-romania-certificat-kosher-1-212x300.png 212w, https:\/\/goodmills.ro\/wp-content\/uploads\/2025\/01\/goodmills-romania-certificat-kosher-1-724x1024.png 724w, https:\/\/goodmills.ro\/wp-content\/uploads\/2025\/01\/goodmills-romania-certificat-kosher-1-768x1086.png 768w, https:\/\/goodmills.ro\/wp-content\/uploads\/2025\/01\/goodmills-romania-certificat-kosher-1-1086x1536.png 1086w\" sizes=\"(max-width: 1240px) 100vw, 1240px\" \/>\t\t\t\t\t\t\t\t<\/a>\n\t\t\t\t\t\t\t\t\t\t\t\t\t\t\t<\/div>\n\t\t\t\t<\/div>\n\t\t\t\t<\/div>\n\t\t<div class=\"elementor-element elementor-element-473c36b e-con-full e-flex e-con e-child\" data-id=\"473c36b\" data-element_type=\"container\" data-settings=\"{&quot;jet_parallax_layout_list&quot;:[]}\">\n\t\t\t\t<div class=\"elementor-element elementor-element-c8205e8 elementor-align-center elementor-widget elementor-widget-raven-button\" data-id=\"c8205e8\" data-element_type=\"widget\" data-settings=\"{&quot;turn_to_popup_action_button&quot;:&quot;no&quot;}\" data-widget_type=\"raven-button.default\">\n\t\t\t\t<div class=\"elementor-widget-container\">\n\t\t\t\t\t\t\t<div class=\"raven-widget-wrapper\">\r\n\t\t\t<a class=\"raven-button raven-button-widget-normal-effect-none elementor-button raven-button-text-align-center raven-button-link elementor-animation-none\" href=\"https:\/\/goodmills.ro\/en\/calitate\/\">\t\t\t\t<div class=\"raven-button-overlay\" ><\/div>\r\n\t\t\t\t<span class=\"raven-button-content\">\r\n\t\t\t\t\t\r\n\t\t\t\t\t<div class=\"button-text-container\">\r\n\t\t\t\t\t\t\t\t\t\t\t\t<div class=\"raven-button-texts-wrapper\">\r\n\t\t\t\t\t\t\t<div class=\"button-text\">\r\n\t\t\t\t\t\t\t\t<span class=\"raven-button-text\">\r\n\t\t\t\t\t\t\t\t\tDescoper\u0103 mai multe\t\t\t\t\t\t\t\t<\/span>\r\n\t\t\t\t\t\t\t<\/div>\r\n\t\t\t\t\t\t\t\t\t\t\t\t\t<\/div>\r\n\t\t\t\t\t\t\t\t\t\t\t<\/div>\r\n\t\t\t\t\t\r\n\t\t\t\t\t\t\t\t\t<\/span>\r\n\t\t\t<\/a>\t\t<\/div>\r\n\t\t\t\t\t\t<\/div>\n\t\t\t\t<\/div>\n\t\t\t\t<\/div>\n\t\t\t\t<\/div>\n\t\t\t\t\t<\/div>\n\t\t\t\t<\/div>\n\t\t\t\t<\/div>","protected":false},"excerpt":{"rendered":"<p>EXPERTIZ\u0102 Pe l\u00e2ng\u0103 experien\u021ba noastr\u0103 de lung\u0103 durat\u0103 \u00een mor\u0103ritul industrial, GoodMills este, de asemenea, un lider \u00een m\u0103rci de consum personal.Dorim s\u0103 impulsion\u0103m inova\u021bia \u00een mor\u0103rit \u0219i \u00een hrana bazat\u0103 pe plante. MOR\u0102RIT INDUSTRIAL Un partener valoros pentru industria alimentar\u0103 \u0219i de panifica\u021bie GoodMills este principalul furnizor de bunuri de larg consum \u00een toate [&hellip;]<\/p>","protected":false},"author":1,"featured_media":0,"parent":0,"menu_order":13,"comment_status":"closed","ping_status":"closed","template":"full-width.php","meta":{"_acf_changed":false,"footnotes":""},"class_list":["post-917","page","type-page","status-publish","hentry"],"acf":[],"_links":{"self":[{"href":"https:\/\/goodmills.ro\/en\/wp-json\/wp\/v2\/pages\/917","targetHints":{"allow":["GET"]}}],"collection":[{"href":"https:\/\/goodmills.ro\/en\/wp-json\/wp\/v2\/pages"}],"about":[{"href":"https:\/\/goodmills.ro\/en\/wp-json\/wp\/v2\/types\/page"}],"author":[{"embeddable":true,"href":"https:\/\/goodmills.ro\/en\/wp-json\/wp\/v2\/users\/1"}],"replies":[{"embeddable":true,"href":"https:\/\/goodmills.ro\/en\/wp-json\/wp\/v2\/comments?post=917"}],"version-history":[{"count":0,"href":"https:\/\/goodmills.ro\/en\/wp-json\/wp\/v2\/pages\/917\/revisions"}],"wp:attachment":[{"href":"https:\/\/goodmills.ro\/en\/wp-json\/wp\/v2\/media?parent=917"}],"curies":[{"name":"wp","href":"https:\/\/api.w.org\/{rel}","templated":true}]}}