{"id":833,"date":"2024-09-16T15:33:49","date_gmt":"2024-09-16T12:33:49","guid":{"rendered":"https:\/\/goodmills.ro\/?page_id=833"},"modified":"2024-09-16T15:47:56","modified_gmt":"2024-09-16T12:47:56","slug":"misiune-si-valori","status":"publish","type":"page","link":"https:\/\/goodmills.ro\/en\/misiune-si-valori\/","title":{"rendered":"Mission &amp; Values"},"content":{"rendered":"<div data-elementor-type=\"wp-page\" data-elementor-id=\"833\" class=\"elementor elementor-833\">\n\t\t\t\t<div class=\"elementor-element elementor-element-15e8fa8 e-con-full e-flex e-con e-parent\" data-id=\"15e8fa8\" data-element_type=\"container\" data-settings=\"{&quot;jet_parallax_layout_list&quot;:[],&quot;background_background&quot;:&quot;classic&quot;}\">\n\t\t<div class=\"elementor-element elementor-element-828f4e9 e-flex e-con-boxed e-con e-child\" data-id=\"828f4e9\" data-element_type=\"container\" data-settings=\"{&quot;jet_parallax_layout_list&quot;:[]}\">\n\t\t\t\t\t<div class=\"e-con-inner\">\n\t\t\t\t<div class=\"elementor-element elementor-element-fb1e7ed elementor-widget elementor-widget-heading\" data-id=\"fb1e7ed\" data-element_type=\"widget\" data-widget_type=\"heading.default\">\n\t\t\t\t<div class=\"elementor-widget-container\">\n\t\t\t\t\t<h2 class=\"elementor-heading-title elementor-size-default\">WHY WE EXIST<\/h2>\t\t\t\t<\/div>\n\t\t\t\t<\/div>\n\t\t\t\t\t<\/div>\n\t\t\t\t<\/div>\n\t\t\t\t<\/div>\n\t\t<div class=\"elementor-element elementor-element-34a1b4f e-flex e-con-boxed e-con e-parent\" data-id=\"34a1b4f\" data-element_type=\"container\" data-settings=\"{&quot;jet_parallax_layout_list&quot;:[]}\">\n\t\t\t\t\t<div class=\"e-con-inner\">\n\t\t<div class=\"elementor-element elementor-element-9afd81a e-flex e-con-boxed e-con e-child\" data-id=\"9afd81a\" data-element_type=\"container\" data-settings=\"{&quot;background_background&quot;:&quot;classic&quot;,&quot;jet_parallax_layout_list&quot;:[]}\">\n\t\t\t\t\t<div class=\"e-con-inner\">\n\t\t\t\t<div class=\"elementor-element elementor-element-05113b5 elementor-widget elementor-widget-text-editor\" data-id=\"05113b5\" data-element_type=\"widget\" data-widget_type=\"text-editor.default\">\n\t\t\t\t<div class=\"elementor-widget-container\">\n\t\t\t\t\t\t\t\t\t<div class=\"row\"><div class=\"col-12\"><div class=\"container\"><div class=\"row\"><div class=\"col-12 box_header\"><p>We provide a valuable source of food for more than 200 million consumers in Europe \u2013 every day! Our products: flour, semolina or cornmeal, are found in large retail chains in every country where we have organizations, and are also accessible globally.<\/p><\/div><\/div><\/div><\/div><\/div>\t\t\t\t\t\t\t\t<\/div>\n\t\t\t\t<\/div>\n\t\t\t\t\t<\/div>\n\t\t\t\t<\/div>\n\t\t\t\t\t<\/div>\n\t\t\t\t<\/div>\n\t\t<div class=\"elementor-element elementor-element-e2c27dc e-con-full e-flex e-con e-parent\" data-id=\"e2c27dc\" data-element_type=\"container\" data-settings=\"{&quot;jet_parallax_layout_list&quot;:[]}\">\n\t\t\t\t<div class=\"elementor-element elementor-element-2e3dad4 elementor-widget elementor-widget-image\" data-id=\"2e3dad4\" data-element_type=\"widget\" data-widget_type=\"image.default\">\n\t\t\t\t<div class=\"elementor-widget-container\">\n\t\t\t\t\t\t\t\t\t\t\t\t\t\t\t<img fetchpriority=\"high\" decoding=\"async\" width=\"3508\" height=\"2480\" src=\"https:\/\/goodmills.ro\/wp-content\/uploads\/2025\/02\/onepager_values.jpg\" class=\"attachment-full size-full wp-image-846\" alt=\"\" srcset=\"https:\/\/goodmills.ro\/wp-content\/uploads\/2025\/02\/onepager_values.jpg 2000w, https:\/\/goodmills.ro\/wp-content\/uploads\/2025\/02\/onepager_values-300x169.jpg 300w, https:\/\/goodmills.ro\/wp-content\/uploads\/2025\/02\/onepager_values-1024x576.jpg 1024w, https:\/\/goodmills.ro\/wp-content\/uploads\/2025\/02\/onepager_values-768x432.jpg 768w, https:\/\/goodmills.ro\/wp-content\/uploads\/2025\/02\/onepager_values-1536x864.jpg 1536w, https:\/\/goodmills.ro\/wp-content\/uploads\/2025\/02\/onepager_values-18x10.jpg 18w\" sizes=\"(max-width: 3508px) 100vw, 3508px\" \/>\t\t\t\t\t\t\t\t\t\t\t\t\t\t\t<\/div>\n\t\t\t\t<\/div>\n\t\t\t\t<\/div>\n\t\t\t\t<\/div>","protected":false},"excerpt":{"rendered":"<p>NOI EXIST\u0102M PENTRU C\u0102 Oferim o surs\u0103 valoroas\u0103 de hran\u0103 pentru mai mult de 200 de milioane de consumatori din Europa \u2013 \u00een fiecare zi! Produsele noastre: f\u0103in\u0103, gri\u0219 sau m\u0103lai, se g\u0103sesc \u00een lan\u021buri comerciale mari din fiecare \u021bar\u0103 \u00een care avem organiza\u021bii , fiind, totodat\u0103, accesibile \u0219i la nivel global.<\/p>","protected":false},"author":1,"featured_media":0,"parent":0,"menu_order":17,"comment_status":"closed","ping_status":"closed","template":"full-width.php","meta":{"_acf_changed":false,"footnotes":""},"class_list":["post-833","page","type-page","status-publish","hentry"],"acf":[],"_links":{"self":[{"href":"https:\/\/goodmills.ro\/en\/wp-json\/wp\/v2\/pages\/833","targetHints":{"allow":["GET"]}}],"collection":[{"href":"https:\/\/goodmills.ro\/en\/wp-json\/wp\/v2\/pages"}],"about":[{"href":"https:\/\/goodmills.ro\/en\/wp-json\/wp\/v2\/types\/page"}],"author":[{"embeddable":true,"href":"https:\/\/goodmills.ro\/en\/wp-json\/wp\/v2\/users\/1"}],"replies":[{"embeddable":true,"href":"https:\/\/goodmills.ro\/en\/wp-json\/wp\/v2\/comments?post=833"}],"version-history":[{"count":0,"href":"https:\/\/goodmills.ro\/en\/wp-json\/wp\/v2\/pages\/833\/revisions"}],"wp:attachment":[{"href":"https:\/\/goodmills.ro\/en\/wp-json\/wp\/v2\/media?parent=833"}],"curies":[{"name":"wp","href":"https:\/\/api.w.org\/{rel}","templated":true}]}}