{"id":2388,"date":"2026-03-27T08:01:00","date_gmt":"2026-03-27T05:01:00","guid":{"rendered":"https:\/\/goodmills.ro\/?page_id=2388"},"modified":"2026-05-04T15:20:45","modified_gmt":"2026-05-04T12:20:45","slug":"termeni-si-conditii","status":"publish","type":"page","link":"https:\/\/goodmills.ro\/en\/termeni-si-conditii\/","title":{"rendered":"Termeni \u0219i condi\u021bii"},"content":{"rendered":"<div data-elementor-type=\"wp-page\" data-elementor-id=\"2388\" class=\"elementor elementor-2388\">\n\t\t\t\t<div class=\"elementor-element elementor-element-15e8fa8 e-con-full e-flex e-con e-parent\" data-id=\"15e8fa8\" data-element_type=\"container\" data-settings=\"{&quot;jet_parallax_layout_list&quot;:[],&quot;background_background&quot;:&quot;classic&quot;}\">\n\t\t<div class=\"elementor-element elementor-element-828f4e9 e-con-full e-flex e-con e-child\" data-id=\"828f4e9\" data-element_type=\"container\" data-settings=\"{&quot;jet_parallax_layout_list&quot;:[]}\">\n\t\t\t\t<div class=\"elementor-element elementor-element-fb1e7ed elementor-widget elementor-widget-heading\" data-id=\"fb1e7ed\" data-element_type=\"widget\" data-widget_type=\"heading.default\">\n\t\t\t\t<div class=\"elementor-widget-container\">\n\t\t\t\t\t<h2 class=\"elementor-heading-title elementor-size-default\">Termeni \u0219i condi\u021bii<\/h2>\t\t\t\t<\/div>\n\t\t\t\t<\/div>\n\t\t\t\t<\/div>\n\t\t\t\t<\/div>\n\t\t<div class=\"elementor-element elementor-element-dc57092 e-flex e-con-boxed e-con e-parent\" data-id=\"dc57092\" data-element_type=\"container\" data-settings=\"{&quot;jet_parallax_layout_list&quot;:[]}\">\n\t\t\t\t\t<div class=\"e-con-inner\">\n\t\t\t\t<div class=\"elementor-element elementor-element-c781d7d elementor-widget elementor-widget-text-editor\" data-id=\"c781d7d\" data-element_type=\"widget\" data-widget_type=\"text-editor.default\">\n\t\t\t\t<div class=\"elementor-widget-container\">\n\t\t\t\t\t\t\t\t\t<p align=\"CENTER\"><span lang=\"ro-RO\"><b>Termeni \u0219i condi\u021bii<\/b><\/span><\/p><p><strong>\u00a0 \u00a0I. Prevederi generale<br \/><\/strong>I.1. De\u021bin\u0103torul website-ului <a href=\"https:\/\/goodmills.ro\/en\/\">www.goodmills.ro<\/a> (\u201c<strong>Site-ul<\/strong>\u201d) este societatea <strong>GoodMills Romania SRL<\/strong>, cu sediul \u00een Strada Cernica nr. 119, Localitate Pantelimon, Jude\u021bul Ilfov, \u00eenregistrat\u0103 la Registrul Comer\u021bului sub nr. J23\/653\/2005, av\u00e2nd C.U.I. RO 1221611 (denumit\u0103 \u00een continuare <strong>\u201eGoodMills\u201d, \u201eOperatorul\u201d, \u201enoi\u201d<\/strong> sau alte denumiri similare).<\/p><p>I.2. Ace\u0219ti termeni \u0219i condi\u021bii (<strong>\u201cTermenii \u0219i Condi\u021biile\u201d<\/strong>) se aplic\u0103 tuturor vizitatorilor \u0219i\/ sau utilizatorilor ce acceseaz\u0103 Site-ul \u0219i \u00een general tuturor persoanelor care interac\u021bioneaz\u0103 \u00een orice mod cu GoodMills.<\/p><p>I.3. Pentru accesarea \u0219i utilizarea \u00een orice mod a Site-ului este necesar\u0103 citirea \u0219i acceptarea \u00een totalitate de c\u0103tre utilizatori a Termenilor \u0219i Condi\u021biilor.<\/p><p>I.4. Operatorul \u00ee\u0219i rezerv\u0103 dreptul de a face modific\u0103ri \u00een con\u021binutul acestui Site, precum \u0219i \u00een cadrul Termenilor \u0219i Condi\u021biilor, f\u0103r\u0103 niciun fel de notificare prealabil\u0103 a utilizatorilor. \u00cen caz de divergen\u021b\u0103 sau ne\u00een\u021belegeri \u00eentre Operator \u0219i utilizatori, se vor aplica Termenii \u0219i Condi\u021biile valabile la momentul interac\u021biunii cu Operatorul\/ acces\u0103rii sau efectu\u0103rii unei opera\u021biuni disponibile pe Site.<\/p><p><strong>\u00a0 \u00a0II. Defini\u021bii<\/strong><br \/><strong>Produse \u0219i Servicii &#8211; <\/strong>\u00eenseamn\u0103 produsele din portofoliul GoodMills prezentate pe Site \u0219i serviciile prestate de GoodMills \u00een desf\u0103\u0219urarea activit\u0103\u021bii sale, c\u0103tre oricare dintre Utilizatori.<br \/><strong>Utilizator <\/strong>&#8211; persoana fizic\u0103 ce interac\u021bioneaz\u0103 cu GoodMills \u00een orice mod \u0219i are acces la Produse \u0219i Servicii, navigheaz\u0103 pe Site sau interac\u021bioneaz\u0103, sub diverse forme, cu Operatorul.<br \/><strong>Con\u021binut &#8211; <\/strong>cuprinde urm\u0103toarele elemente:<br \/>a. con\u021binutul oric\u0103ror materiale indiferent de forma sau suport, puse la dispozi\u021bia Utilizatorilor de c\u0103tre GoodMills, prin Site, prin mijloace fizice, electronice \u0219i\/ sau orice alte mijloace de comunicare \u0219i accesare a informa\u021biilor disponibile;<br \/>b. date referitoare la GoodMills \u0219i la Produsele \u0219i Serviciile sale sau alte date care \u00eei apar\u021bin;<br \/>c. toate informa\u021biile disponibile pe Site care pot fi vizualizate sau altfel accesate.<\/p><p><strong>\u00a0 \u00a0III. Utilizarea Site-ului<\/strong><br \/>III.1. Termenii \u0219i Condi\u021biile stabilesc modalit\u0103\u021bile de utilizare a Site-ului \u0219i a Con\u021binutului acestuia de c\u0103tre Utilizatori av\u00e2nd rolul unui contract \u00eencheiat \u00eentre Operator \u0219i Utilizator \u0219i dispun\u00e2nd de aceea\u0219i for\u021b\u0103 juridic\u0103.<\/p><p>III.2. GoodMills acord\u0103 Utilizatorului permisiunea de a utiliza Site-ul \u00een urm\u0103toarele condi\u021bii:<br \/>a. Site-ul poate fi accesat \u00een mod gratuit de c\u0103tre orice persoan\u0103 care este interesat\u0103 de activitatea Operatorului, de informa\u021biile, Produsele \u0219i Serviciile sale, \u0219i nout\u0103\u021bile pe care le prezint\u0103, ofer\u0103 sau desf\u0103\u0219oar\u0103 Operatorul, a\u0219a cum acestea sunt identificate \u00een cadrul sec\u021biunilor prezente pe Site.<br \/>b. Utilizatorii nu au permisiunea s\u0103 modifice, s\u0103 copieze, s\u0103 refoloseasc\u0103, s\u0103 reproduc\u0103, s\u0103 publice, s\u0103 autorizeze, s\u0103 acorde o licen\u021b\u0103 de folosire, s\u0103 creeze lucr\u0103ri derivate din sau s\u0103 transfere, s\u0103 distribuie, s\u0103 v\u00e2nd\u0103 sau sa foloseasc\u0103 Con\u021binutul Site-ului \u00een alt mod, f\u0103r\u0103 acordul \u00een scris al Operatorului;<br \/>c. Utilizatorii nu au permisiunea s\u0103 utilizeze \u00een orice mod imagini din Site f\u0103r\u0103 acordul \u00een scris al Operatorului \u0219i al persoanelor ce apar \u00een imagini, dac\u0103 este cazul, \u00een conformitate cu legisla\u021bia privind protec\u021bia datelor cu caracter personal;<br \/>d. Con\u021binutul Site-ului poate fi reprodus doar \u00een scopuri editoriale de promovare a activit\u0103\u021bii Operatorului, \u00een ziare, reviste de circula\u021bie general\u0103, publica\u021bii comerciale \u0219i posturi de radio \u0219i televiziune;<br \/>e. Este interzis\u0103 folosirea Site-ului pentru a afi\u0219a sau transmite orice fel de material ce are caracter \u00een\u0219el\u0103tor, fals, abuziv, amenin\u021b\u0103tor, de h\u0103r\u021buire, licen\u021bios, calomniator, vulgar, obscen, scandalos, instigator, pornografic sau profanator sau orice alt fel de material care poate constitui sau \u00eencuraja un comportament ce va putea da na\u0219tere unei infrac\u021biuni sau ar putea conduce la r\u0103spundere civil\u0103, sau ar \u00eenc\u0103lca \u00een alt mod legea.<br \/>GoodMills va coopera cu oricare dintre autorit\u0103\u021bile desemnate s\u0103 aplice legea \u0219i se va conforma oric\u0103rei dispozi\u021bii a acestor autorit\u0103\u021bi prin care se cere sau se ordon\u0103 Operatorului s\u0103 dezv\u0103luie identitatea oric\u0103rei persoane care ar afi\u0219a sau transmite orice fel de informa\u021bie sau material de acest fel prin intermediul Site-ului;<br \/>f. Este interzisa folosirea Site-ului de c\u0103tre Utilizatori \u00een scopuri comerciale, de publicitate sau pentru a prezenta oferte de produse \u0219i servicii de orice fel.<\/p><p>III.3. Utilizatorii sunt responsabili pentru toate activit\u0103\u021bile care decurg din utilizarea Site-ului. De asemenea, ace\u0219tia r\u0103spund pentru orice daune materiale, morale, intelectuale sau de orice alt\u0103 natur\u0103 produse Operatorului, Site-ului, Con\u021binutului pus la dispozi\u021bie de Operator, sau ter\u021bilor, \u00een conformitate cu legisla\u021bia na\u021bional\u0103 \u00een vigoare, indiferent dac\u0103 au ac\u021bionat cu inten\u021bie, din neglijen\u021b\u0103 sau din impruden\u021b\u0103.<\/p><p>III.4. Operatorul va depune toate diligen\u021bele \u0219i eforturile pentru ca Site-ul s\u0103 func\u021bioneze la parametri optimi pentru a transmite Utilizatorilor toate datele \u0219i informa\u021biile actualizate. Totu\u0219i, Operatorul nu garanteaz\u0103 ca Site-ul nu con\u021bine erori sau c\u0103 func\u021bioneaz\u0103 permanent la parametri optimi, astfel c\u0103 nu va fi legal responsabil pentru vreo inadverten\u021b\u0103 sau informa\u021bie eronat\u0103 prezentat\u0103 \u00een Site, \u00eens\u0103 va \u00eentreprinde toate ac\u021biunile necesare pentru remedierea cu celeritate a oric\u0103ror eventuale erori, la solicitarea oric\u0103rui Utilizator.<\/p><p>III.5. \u00cen cazul \u00een care Utilizatorul nu este de acord cu Termenii \u0219i Condi\u021biile prezentate, acesta are posibilitatea de a renun\u021ba la accesul la Site, precum \u0219i la orice alte interac\u021biuni cu Operatorul prin intermediul Site-ului.<\/p><p>\u00a0<\/p><p><strong>\u00a0 \u00a0IV. Rolurile Site-ului<\/strong><br \/>IV.1. Site-ul este un instrument prin intermediul c\u0103ruia Utilizatorii se pot informa cu privire la activitatea desf\u0103\u0219urat\u0103, Produsele din portofoliul GoodMills \u0219i Serviciile prestate de GoodMills sau pot interac\u021biona \u00een alte moduri cu Operatorul.<\/p><p>IV.2. Site-ul reprezint\u0103 astfel un instrument de prezentare a Produselor \u0219i Serviciilor GoodMills (inclusiv \u00een colaborare\/ \u00een parteneriat cu alte ter\u021be entit\u0103\u021bi, dac\u0103 este cazul).<\/p><p><strong>\u00a0 \u00a0V. Sistemul de raportare<\/strong><br \/>V.1. Prin intermediul Site-ului Utilizatorii pot accesa sistemul de raportare pus la dispozi\u021bie \u0219i gestionat la nivelul grupului GoodMills, destinat semnal\u0103rii eventualelor neconformit\u0103\u021bi identificate \u00een cadrul activit\u0103\u021bilor desf\u0103\u0219urate de GoodMills &#8211; https:\/\/goodmillsgroup.integrityline.app\/.<\/p><p>V.2. Pentru detalii suplimentare privind utilizarea acestui canal de raportare pot fi consultate informa\u021biile \u0219i instruc\u021biunile reg\u0103site \u00een sec\u021biunea Conformitate disponibil\u0103 pe Site.<\/p><p>\u00a0 \u00a0<strong>VI. Proprietatea asupra Con\u021binutului<\/strong><br \/>VI.1. Denumirea Site-ului \u0219i \u00eensemnele grafice de tip logo sunt proprietatea GoodMills sau al afilia\u021bilor acestuia, ace\u0219tia de\u021bin\u00e2nd drepturi de autor sau dup\u0103 caz, drepturi de utilizare asupra acestora, astfel c\u0103 aceste elemente nu pot fi preluate, copiate sau folosite f\u0103r\u0103 acordul scris al proprietarului\/ titularului lor.<\/p><p>VI.2. \u00centreg Con\u021binutul (cel prezentat sau afi\u0219at \u00een cadrul Site-ului, dar \u0219i \u00een afara acestuia) incluz\u00e2nd, dar nelimit\u00e2ndu-se la: marc\u0103, logo, text, grafic\u0103, fotografii, imagini, materiale audio\/video, ilustra\u021bii, articole, prezent\u0103ri etc. apar\u021bine \u00een exclusivitate Operatorului \u0219i\/sau afilia\u021bilor \u0219i partenerilor s\u0103i \u0219i sunt protejate de legisla\u021bia privind drepturile de autor \u0219i de alte legi aplicabile.<\/p><p>VI.3. Utilizatorii au permisiunea de a utiliza aceste materiale numai \u00een scopuri strict personale, pentru a interac\u021biona cu Operatorul \u00een orice mod, sau pentru a accesa Site-ul. Aceste materiale nu pot fi copiate, modificate, reproduse, publicate pe alte website-uri, re\u021bele sociale sau \u00een orice alt mediu online, utilizate \u00een scop public, schimbate sau distribuite, redistribuite, licen\u021biate, sub-licen\u021biate sau transferate \u00een orice form\u0103, de c\u0103tre nicio persoan\u0103, f\u0103r\u0103 acordul prealabil scris al Operatorului.<\/p><p>VI.4. Utilizatorul este responsabil pentru ob\u021binerea permisiunii titularului drepturilor \u00eenainte de a utiliza orice material protejat de drepturi de autor, care este f\u0103cut disponibil de c\u0103tre Operator.<\/p><p>VI.5. Orice Con\u021binut la care Utilizatorul are \u0219i\/ sau ob\u021bine acces prin orice mijloc se afl\u0103 sub inciden\u021ba Termenilor \u0219i Condi\u021biilor, \u00een cazul \u00een care Con\u021binutul nu este \u00eenso\u021bit de un acord de utilizare specific \u0219i valid \u00eencheiat \u00eentre Operator \u0219i Utilizator.<\/p><p>VI.6. \u00cen cazul \u00een care Operatorul confer\u0103 Utilizatorului dreptul de a utiliza un anumit Con\u021binut la care Utilizatorul are sau ob\u021bine acces \u00een urma acestui acord, acest drept se extinde numai asupra acelui Con\u021binut definit \u00een acord, numai pe perioada definit\u0103 \u00een acord, conform condi\u021biilor definite \u00een acesta. Orice utilizare a Con\u021binutului \u00een alte scopuri dec\u00e2t cele permise expres printr-un acord distinct de utilizare, este interzis\u0103.<\/p><p>VI.7. Utilizatorul declar\u0103 \u0219i \u00een\u021belege c\u0103 orice utilizare neautorizat\u0103 a acestor materiale reprezint\u0103 \u00eenc\u0103lcarea drepturilor de proprietate intelectual\u0103 ale Operatorului, partenerilor sau ter\u021bilor parteneri afilia\u021bi ai acestora \u0219i va atrage exercitarea de c\u0103tre ace\u0219tia a tuturor remediilor legale.<\/p><p>VI.8. Utilizatorul r\u0103spunde pentru orice daune intelectuale produse Operatorului, Con\u021binutului, Site-ului, oric\u0103rui partener, sau oric\u0103rei ter\u021be persoane, \u00een conformitate cu legisla\u021bia rom\u00e2n\u0103 \u00een vigoare.<\/p><p>VI.9. Operatorul va asigura \u0219i impune \u00een mod hot\u0103r\u00e2t recunoa\u0219terea drepturilor de proprietate intelectual\u0103 \u00een conformitate cu legile \u00een vigoare, ajung\u00e2nd, dac\u0103 este cazul, la ac\u021bionarea \u00een instan\u021b\u0103 a celor vinova\u021bi de \u00eenc\u0103lcarea dreptului de proprietate intelectual\u0103.<\/p><p><strong>\u00a0 \u00a0VII. Limitarea r\u0103spunderii<\/strong><br \/>VII.1. GoodMills nu \u00ee\u0219i asum\u0103 r\u0103spunderea \u0219i nu ofer\u0103 niciun fel de garan\u021bii directe sau indirecte c\u0103 Produsele \u0219i Serviciile prezentate \u0219i\/sau Con\u021binutul vor corespunde cerin\u021belor sau a\u0219tept\u0103rilor Utilizatorului, aceasta nefiind \u00eendrept\u0103\u021bit s\u0103 atrag\u0103 r\u0103spunderea Operatorului \u00een caz de neconcordan\u021be ale acestora cu preten\u021biile sale.<\/p><p>VII.2. Con\u021binutul Site-ului are caracter informativ. Felul \u00een care sunt utilizate informa\u021biile intr\u0103 \u00een responsabilitatea Utilizatorului. GoodMills nu poate fi \u021binut responsabil pentru orice fel de prejudicii (directe, indirecte, accidentale etc.) ce rezult\u0103 din folosirea Con\u021binutului prezentat sau pentru orice tip de erori sau omisiuni \u00een prezentarea Con\u021binutului.<\/p><p>VII.3. Site-ul poate fi accesat de oriunde de pe teritoriul Rom\u00e2niei \u0219i \u00een afara acestuia (\u00een alte state), \u00een m\u0103sura \u00een care condi\u021biile tehnice o permit. Operatorul nu garanteaz\u0103 \u00een niciun fel c\u0103 prin Con\u021binutul s\u0103u, acest Site se supune legisla\u021biei aplicabile \u00een alte \u021b\u0103ri, \u00een afara Rom\u00e2niei (inclusiv dispozi\u021bii legale referitoare la proprietatea intelectual\u0103).<\/p><p>VII.4. GoodMills nu poate fi \u021binut responsabil \u00een niciun fel \u00een fa\u021ba niciunui Utilizator care utilizeaz\u0103 Produsele \u0219i Serviciile, Site-ul sau Con\u021binutul, altfel dec\u00e2t \u00een limita clauzelor ce constituie Termeni si Condi\u021bii.<\/p><p><strong>\u00a0 \u00a0VIII. Link-uri pe site-urile unei ter\u021be p\u0103r\u021bi<\/strong><br \/>Site-ul poate con\u021bine link-uri c\u0103tre alte site-uri aflate \u00een proprietatea sau operate de alte p\u0103r\u021bi dec\u00e2t Operatorul. Operatorul nu controleaz\u0103 \u0219i nu este r\u0103spunz\u0103tor pentru con\u021binutul \u0219i condi\u021biile de confiden\u021bialitate sau securitate \u0219i de func\u021bionalitatea acestor alte site-uri. F\u0103r\u0103 a se limita la acestea, Operatorul \u00ee\u0219i declin\u0103 \u00een mod special orice r\u0103spundere dac\u0103 aceste site-uri \u00eencalc\u0103 drepturile de proprietate intelectual\u0103 ale unei ter\u021be p\u0103r\u021bi, con\u021bin informa\u021bii \u00een\u0219el\u0103toare, nu ofer\u0103 o securitate adecvat\u0103, con\u021bin viru\u0219i sau alte elemente cu caracter distructiv sau sunt licen\u021bioase sau calomnioase.<\/p><p><strong>\u00a0 \u00a0IX. For\u021ba Major\u0103<\/strong><br \/>IX.1. Toate evenimentele de for\u021b\u0103 major\u0103 definite de legisla\u021bia rom\u00e2n\u0103 reprezint\u0103 un motiv de suspendare \u0219i stingere a obliga\u021biilor Operatorului.<\/p><p>IX.2. Operatorul nu va fi \u021binut r\u0103spunz\u0103tor pentru neexecutarea obliga\u021biilor sale decurg\u00e2nd din ace\u0219ti Termeni si Condi\u021bii, dac\u0103 o astfel de neexecutare la termen \u0219i\/sau executare \u00een mod necorespunz\u0103tor, total sau par\u021bial este datorat\u0103 unui eveniment de for\u021b\u0103 major\u0103. For\u021ba major\u0103 este orice eveniment extern imprevizibil, absolut invincibil \u0219i inevitabil.<\/p><p><strong>\u00a0 \u00a0X. Legea aplicabil\u0103. Litigii<\/strong><br \/>X.1. Termenii \u0219i Condi\u021biile dintre GoodMills \u0219i Utilizatori se consider\u0103 \u00eencheiate \u00een Romania \u0219i, \u00een consecin\u021b\u0103, sunt guvernate de dispozi\u021biile legale aplicabile pe teritoriul Rom\u00e2niei.<\/p><p>X.2. Orice disput\u0103 cu referire la Termeni \u0219i Condi\u021bii care ar putea sa apar\u0103 \u00eentre Operator \u0219i Utilizator se va rezolva pe cale amiabil\u0103. Dac\u0103 solu\u021bionarea amiabil\u0103 a conflictului nu va fi posibil\u0103, acesta va fi solu\u021bionat de c\u0103tre instan\u021ba competent\u0103 de la sediul Operatorului.<\/p><p><strong>\u00a0 \u00a0XI. Clauze finale<\/strong><br \/>XI.1. Operatorul \u00ee\u0219i rezerv\u0103 dreptul de a efectua orice modific\u0103ri ale prevederilor Termenilor \u0219i Condi\u021biilor, precum \u0219i orice modific\u0103ri ale Site-ului sau Produselor \u0219i Serviciilor prezentate prin intermediul acestuia, inclusiv modific\u0103ri ce ar putea afecta orice Con\u021binut, f\u0103r\u0103 a anun\u021ba individual Utilizatorii \u0219i f\u0103r\u0103 a fi necesar un acord expres al acestora \u00een acest sens. Modific\u0103rile vor fi aduse la cuno\u0219tin\u021ba Utilizatorilor prin afi\u0219are pe Site \u0219i vor fi considerate ca fiind acceptate de c\u0103tre Utilizatori dac\u0103 ace\u0219tia continu\u0103 s\u0103 interac\u021bioneze \u00een orice mod cu Operatorul.<\/p><p>XI.2. Operatorul recomand\u0103 Utilizatorilor s\u0103 verifice Site-ul pentru a fi la curent cu orice modificare a Termenilor \u0219i Condi\u021biilor, \u0219i s\u0103 semnaleze dac\u0103 intervin modific\u0103ri care nu corespund convingerilor acestora. \u00cen caz contrar se consider\u0103 c\u0103 Utilizatorii au acceptat tacit Termenii \u0219i Condi\u021biile.<\/p><p>XI.3. Dac\u0103 oricare dintre clauzele de mai sus va fi g\u0103sit\u0103 nul\u0103 sau invalid\u0103, indiferent de cauz\u0103, aceasta clauz\u0103 nu va afecta valabilitatea celorlalte clauze ale Termenilor \u0219i Condi\u021biilor.<\/p><p>XI.4. \u00cen eventualitatea \u00een care exist\u0103 \u00eentreb\u0103ri\/ sugestii cu privire la activitatea Operatorului, ne pute\u021bi contacta la adresa de coresponden\u021b\u0103 electronic\u0103: office@goodmills.ro. Sugestiile, pl\u00e2ngerile \u0219i\/sau sesiz\u0103rile transmise vor include numele, prenumele, \u0219i adresa de e-mail la care dori\u021bi s\u0103 primi\u021bi r\u0103spuns.<\/p><p><strong>\u00a0 \u00a0XII. Prelucrarea datelor cu caracter personal<\/strong><br \/>Informa\u021bii despre cum sunt prelucrate datele cu caracter personal colectate sau generate \u00een contextul interac\u021biunii \u00een orice mod cu Operatorul \u0219i despre drepturile persoanelor vizate \u0219i cum pot fi acestea exercitate se reg\u0103sesc \u00een cadrul Politicii de confiden\u021bialitate prezent\u0103 pe Site.<\/p><p><strong>\u00a0 \u00a0XIII. Cookie-uri<\/strong><br \/>Site-ul foloseste cookie-uri pentru a asigura func\u021bionarea optim\u0103 a acestuia astfel \u00eenc\u00e2t s\u0103 corespund\u0103 c\u00e2t mai bine nevoilor Utilizatorilor. De asemenea, aceste cookie-uri sunt utile pentru a asigura securitatea Site-ului. Pentru mai multe detalii privind cookie-urile pute\u021bi consulta sec\u021biunea relevant\u0103 din cadrul Politicii de confiden\u021bialitate prezent\u0103 pe Site.<\/p>\t\t\t\t\t\t\t\t<\/div>\n\t\t\t\t<\/div>\n\t\t\t\t\t<\/div>\n\t\t\t\t<\/div>\n\t\t\t\t<\/div>","protected":false},"excerpt":{"rendered":"<p>Termeni \u0219i condi\u021bii Termeni \u0219i condi\u021bii \u00a0 \u00a0I. Prevederi generaleI.1. De\u021bin\u0103torul website-ului www.goodmills.ro (\u201cSite-ul\u201d) este societatea GoodMills Romania SRL, cu sediul \u00een Strada Cernica nr. 119, Localitate Pantelimon, Jude\u021bul Ilfov, \u00eenregistrat\u0103 la Registrul Comer\u021bului sub nr. J23\/653\/2005, av\u00e2nd C.U.I. RO 1221611 (denumit\u0103 \u00een continuare \u201eGoodMills\u201d, \u201eOperatorul\u201d, \u201enoi\u201d sau alte denumiri similare). I.2. Ace\u0219ti termeni \u0219i [&hellip;]<\/p>","protected":false},"author":3,"featured_media":0,"parent":0,"menu_order":6,"comment_status":"closed","ping_status":"closed","template":"full-width.php","meta":{"_acf_changed":false,"footnotes":""},"class_list":["post-2388","page","type-page","status-publish","hentry"],"acf":[],"_links":{"self":[{"href":"https:\/\/goodmills.ro\/en\/wp-json\/wp\/v2\/pages\/2388","targetHints":{"allow":["GET"]}}],"collection":[{"href":"https:\/\/goodmills.ro\/en\/wp-json\/wp\/v2\/pages"}],"about":[{"href":"https:\/\/goodmills.ro\/en\/wp-json\/wp\/v2\/types\/page"}],"author":[{"embeddable":true,"href":"https:\/\/goodmills.ro\/en\/wp-json\/wp\/v2\/users\/3"}],"replies":[{"embeddable":true,"href":"https:\/\/goodmills.ro\/en\/wp-json\/wp\/v2\/comments?post=2388"}],"version-history":[{"count":3,"href":"https:\/\/goodmills.ro\/en\/wp-json\/wp\/v2\/pages\/2388\/revisions"}],"predecessor-version":[{"id":2519,"href":"https:\/\/goodmills.ro\/en\/wp-json\/wp\/v2\/pages\/2388\/revisions\/2519"}],"wp:attachment":[{"href":"https:\/\/goodmills.ro\/en\/wp-json\/wp\/v2\/media?parent=2388"}],"curies":[{"name":"wp","href":"https:\/\/api.w.org\/{rel}","templated":true}]}}